{"id":9827,"date":"2021-04-30T14:17:26","date_gmt":"2021-04-30T12:17:26","guid":{"rendered":"https:\/\/junglevr.io\/immobilien\/"},"modified":"2023-10-24T22:27:27","modified_gmt":"2023-10-24T20:27:27","slug":"immobilien","status":"publish","type":"page","link":"https:\/\/junglevr.io\/de\/immobilien\/","title":{"rendered":"Immobilien"},"content":{"rendered":"<style>\/*! elementor - v3.16.0 - 17-10-2023 *\/\n.elementor-heading-title{padding:0;margin:0;line-height:1}.elementor-widget-heading .elementor-heading-title[class*=elementor-size-]>a{color:inherit;font-size:inherit;line-height:inherit}.elementor-widget-heading .elementor-heading-title.elementor-size-small{font-size:15px}.elementor-widget-heading .elementor-heading-title.elementor-size-medium{font-size:19px}.elementor-widget-heading .elementor-heading-title.elementor-size-large{font-size:29px}.elementor-widget-heading .elementor-heading-title.elementor-size-xl{font-size:39px}.elementor-widget-heading .elementor-heading-title.elementor-size-xxl{font-size:59px}<\/style>\n<h2>Immobilienentwicklung<\/h2>\n<p>Wenn Sie ein Immobilienentwickler sind, entdecken Sie, was Virtual Reality (VR) und 3D zur F\u00f6rderung Ihrer Projekte beitragen k\u00f6nnen.<\/p>\n<p>Dank 3D, VR &amp; AR machen Sie Ihren Kunden Lust darauf, indem Sie Ihre zuk\u00fcnftigen Immobilienprojekte zum Leben erwecken.<\/p>\n<p>Wir entwerfen Ihre zuk\u00fcnftigen Immobilienprojekte in fotorealistischem 3D inklusive Home Staging: Flagship-Stores, Luxusvillen &amp; Chalets, Einkaufszentren, Hauptsitze oder Fabriken.<\/p>\n<p>Wir beginnen mit einem leeren Blatt Papier oder Ihren 2D\/3D-Pl\u00e4nen.<\/p>\n<p>Ihre Interessenten k\u00f6nnen die Immobilie voller Leben besichtigen, als ob sie dank virtueller Realit\u00e4t und einer sch\u00f6nen virtuellen Hausinszenierung bewohnt w\u00e4re.<\/p>\n<p>\t\t\t<a href=\"https:\/\/www.immerskills.com\/\" target=\"_blank\" rel=\"noopener\"><br \/>\n\t\t\t\t\t\tWeitere Informationen<br \/>\n\t\t\t\t\t<\/a><\/p>\n<style>\/*! elementor - v3.16.0 - 17-10-2023 *\/\n.elementor-widget-image{text-align:center}.elementor-widget-image a{display:inline-block}.elementor-widget-image a img[src$=\".svg\"]{width:48px}.elementor-widget-image img{vertical-align:middle;display:inline-block}<\/style>\n<p>\t\t\t\t\t\t\t\t\t\t\t\t<img decoding=\"async\" width=\"1190\" height=\"666\" src=\"https:\/\/junglevr.io\/wp-content\/uploads\/2021\/05\/Promotion-immobiliere-3D.png\" alt=\"Promotion immobili\u00e8re 3D\" loading=\"lazy\" srcset=\"https:\/\/junglevr.io\/wp-content\/uploads\/2021\/05\/Promotion-immobiliere-3D.png 1190w, https:\/\/junglevr.io\/wp-content\/uploads\/2021\/05\/Promotion-immobiliere-3D-300x168.png 300w, https:\/\/junglevr.io\/wp-content\/uploads\/2021\/05\/Promotion-immobiliere-3D-1024x573.png 1024w, https:\/\/junglevr.io\/wp-content\/uploads\/2021\/05\/Promotion-immobiliere-3D-768x430.png 768w\" sizes=\"(max-width: 34.9rem) calc(100vw - 2rem), (max-width: 53rem) calc(8 * (100vw \/ 12)), (min-width: 53rem) calc(6 * (100vw \/ 12)), 100vw\" \/>\t\t\t\t\t\t\t\t\t\t\t\t\t\t\t<\/p>\n<h2>Museum &amp; Ausstellung<\/h2>\n<p>Unsere Teams sind spezialisiert auf hochrealistische Reproduktionen von Museen und Ausstellungen in 3D oder Virtual Reality. Es ist auch m\u00f6glich, durch Augmented Reality Erlebnisse rund um Kunstwerke zu schaffen.<\/p>\n<p>Informationen zur Erstellung von NFTs finden Sie im Bereich <a href=\"https:\/\/junglevr.io\/art-nft\/\">Kunst &amp; NFT<\/a>.<\/p>\n<p>\t\t\t<a href=\"https:\/\/www.immerskills.com\/\" target=\"_blank\" rel=\"noopener\"><br \/>\n\t\t\t\t\t\tWeitere Informationen<br \/>\n\t\t\t\t\t<\/a><\/p>\n","protected":false},"excerpt":{"rendered":"<p>Immobilienentwicklung Wenn Sie ein Immobilienentwickler sind, entdecken Sie, was Virtual Reality (VR) und 3D zur F\u00f6rderung Ihrer Projekte beitragen k\u00f6nnen. Dank 3D, VR &amp; AR machen Sie Ihren Kunden Lust darauf, indem Sie Ihre zuk\u00fcnftigen Immobilienprojekte zum Leben erwecken. Wir entwerfen Ihre zuk\u00fcnftigen Immobilienprojekte in fotorealistischem 3D inklusive Home Staging: Flagship-Stores, Luxusvillen &amp; Chalets, Einkaufszentren, &hellip; <\/p>\n<p class=\"link-more\"><a href=\"https:\/\/junglevr.io\/de\/immobilien\/\" class=\"more-link\"><span class=\"screen-reader-text\">\u201eImmobilien\u201c<\/span> weiterlesen<\/a><\/p>\n","protected":false},"author":4,"featured_media":0,"parent":0,"menu_order":0,"comment_status":"closed","ping_status":"closed","template":"elementor_header_footer","meta":{"footnotes":""},"acf":[],"_links":{"self":[{"href":"https:\/\/junglevr.io\/de\/wp-json\/wp\/v2\/pages\/9827"}],"collection":[{"href":"https:\/\/junglevr.io\/de\/wp-json\/wp\/v2\/pages"}],"about":[{"href":"https:\/\/junglevr.io\/de\/wp-json\/wp\/v2\/types\/page"}],"author":[{"embeddable":true,"href":"https:\/\/junglevr.io\/de\/wp-json\/wp\/v2\/users\/4"}],"replies":[{"embeddable":true,"href":"https:\/\/junglevr.io\/de\/wp-json\/wp\/v2\/comments?post=9827"}],"version-history":[{"count":1,"href":"https:\/\/junglevr.io\/de\/wp-json\/wp\/v2\/pages\/9827\/revisions"}],"predecessor-version":[{"id":9828,"href":"https:\/\/junglevr.io\/de\/wp-json\/wp\/v2\/pages\/9827\/revisions\/9828"}],"wp:attachment":[{"href":"https:\/\/junglevr.io\/de\/wp-json\/wp\/v2\/media?parent=9827"}],"curies":[{"name":"wp","href":"https:\/\/api.w.org\/{rel}","templated":true}]}}