{"id":9860,"date":"2021-04-20T18:02:22","date_gmt":"2021-04-20T16:02:22","guid":{"rendered":"https:\/\/junglevr.io\/metaverse-und-nfts\/"},"modified":"2023-11-06T16:16:43","modified_gmt":"2023-11-06T15:16:43","slug":"metaverse-und-nfts","status":"publish","type":"page","link":"https:\/\/junglevr.io\/de\/metaverse-und-nfts\/","title":{"rendered":"Metaverse und NFTs"},"content":{"rendered":"<h2>Berater Metaverse<\/h2>\n<p>In den letzten 5 Jahren hat Jungle VR immersive Umgebungen f\u00fcr seine Kunden geschaffen. Diese manchmal autonomen Umgebungen k\u00f6nnen auch in Metaversen oder in Ihr zuk\u00fcnftiges Metaverse integriert werden.<\/p>\n<p>Wenn Sie eine Metaverse-Abteilung verinnerlichen m\u00f6chten, kann Jungle VR, das als IT-Dienstleistungsunternehmen t\u00e4tig ist, Sie bei der Strukturierung unterst\u00fctzen, indem es Mitarbeiter aus seinem Team in Ihrem Unternehmen platziert: 3D-Grafikdesigner, VR-, VR-, AR-, Netzwerk-, Metaverse-, KI- oder Blockchain-Entwickler).<br \/>F\u00fcr weitere Informationen kontaktieren Sie uns unter <a href=\"_wp_link_placeholder\" data-wplink-edit=\"true\">hello@junglevr.io<\/a><\/p>\n<p><iframe loading=\"lazy\" title=\"Teaser Virtual Field Trip - Tellus by IFPEN and Jungle VR\" width=\"640\" height=\"360\" src=\"https:\/\/www.youtube.com\/embed\/QOPX0wvwUE0?feature=oembed\" frameborder=\"0\" allow=\"accelerometer; autoplay; clipboard-write; encrypted-media; gyroscope; picture-in-picture; web-share\" allowfullscreen><\/iframe><br \/>\n\t\t\t<iframe loading=\"lazy\" id=\"cd43c035-d7a2-4008-8419-afab3ff915af\" src=\"https:\/\/www.vectary.com\/viewer\/v1\/?model=cd43c035-d7a2-4008-8419-afab3ff915af&amp;env=damroad&amp;turntable=-2\" frameborder=\"0\" width=\"50%\" height=\"240\"><\/iframe>\t\t<\/p>\n<h2>Kunst &amp; NFTs<\/h2>\n<p>Jungle Future\u00ae ist ein Technologiestudio, das sich der digitalen Kunst und der Erstellung von NFTs widmet.<\/p>\n<p>Wir erstellen Ihre NFTs mithilfe eines Smart Contracts auf der Ethereum-Blockchain und vertreiben sie dann auf den verschiedenen Partnerplattformen.<\/p>\n<p>Unser Team von Grafikdesignern und -entwicklern (2D, 3D, VR, AR, KI, Blockchain, Krypto) steht im Dienste der kreativen Ideen von K\u00fcnstlern und Marken, insbesondere derjenigen, die digitale und technologische Werkzeuge nicht beherrschen.<\/p>\n<p>Wenn Sie ein Museum oder eine Kunstgalerie betreiben und planen, es in 3D oder Virtual Reality (VR) nachzubilden, gehen Sie zum <a href=\"https:\/\/junglevr.io\/de\/immobilien\/\">Abschnitt Immobilien<\/a>.<\/p>\n<p>\t\t\t\t\t\t\t\t\t\t\t\t\t\t\t\t<a href=\"https:\/\/junglevr.io\/de\/\"><br \/>\n\t\t\t\t\t\t\t<img decoding=\"async\" width=\"3430\" height=\"800\" src=\"https:\/\/junglevr.io\/wp-content\/uploads\/2021\/06\/Logo_JungleVR_4000x1000_2019-e1623830336106.png\" alt=\"Logo Jungle VR noir\" loading=\"lazy\" srcset=\"https:\/\/junglevr.io\/wp-content\/uploads\/2021\/06\/Logo_JungleVR_4000x1000_2019-e1623830336106.png 3430w, https:\/\/junglevr.io\/wp-content\/uploads\/2021\/06\/Logo_JungleVR_4000x1000_2019-e1623830336106-300x70.png 300w, https:\/\/junglevr.io\/wp-content\/uploads\/2021\/06\/Logo_JungleVR_4000x1000_2019-e1623830336106-1024x239.png 1024w, https:\/\/junglevr.io\/wp-content\/uploads\/2021\/06\/Logo_JungleVR_4000x1000_2019-e1623830336106-768x179.png 768w, https:\/\/junglevr.io\/wp-content\/uploads\/2021\/06\/Logo_JungleVR_4000x1000_2019-e1623830336106-1536x358.png 1536w, https:\/\/junglevr.io\/wp-content\/uploads\/2021\/06\/Logo_JungleVR_4000x1000_2019-e1623830336106-2048x478.png 2048w, https:\/\/junglevr.io\/wp-content\/uploads\/2021\/06\/Logo_JungleVR_4000x1000_2019-e1623830336106-1568x366.png 1568w\" sizes=\"(max-width: 34.9rem) calc(100vw - 2rem), (max-width: 53rem) calc(8 * (100vw \/ 12)), (min-width: 53rem) calc(6 * (100vw \/ 12)), 100vw\" \/>\t\t\t\t\t\t\t\t<\/a><\/p>\n<p>26 rue Rambuteau<br \/>75003 Paris<\/p>\n<p>B\u00fcro: +33 6 60 37 10 57<br \/>E-Mail: hello@junglevr.io<\/p>\n<h3>Lassen Sie uns Ihr Projekt besprechen<\/h3>\n","protected":false},"excerpt":{"rendered":"<p>Berater Metaverse In den letzten 5 Jahren hat Jungle VR immersive Umgebungen f\u00fcr seine Kunden geschaffen. Diese manchmal autonomen Umgebungen k\u00f6nnen auch in Metaversen oder in Ihr zuk\u00fcnftiges Metaverse integriert werden. Wenn Sie eine Metaverse-Abteilung verinnerlichen m\u00f6chten, kann Jungle VR, das als IT-Dienstleistungsunternehmen t\u00e4tig ist, Sie bei der Strukturierung unterst\u00fctzen, indem es Mitarbeiter aus seinem &hellip; <\/p>\n<p class=\"link-more\"><a href=\"https:\/\/junglevr.io\/de\/metaverse-und-nfts\/\" class=\"more-link\"><span class=\"screen-reader-text\">\u201eMetaverse und NFTs\u201c<\/span> weiterlesen<\/a><\/p>\n","protected":false},"author":4,"featured_media":0,"parent":0,"menu_order":0,"comment_status":"closed","ping_status":"closed","template":"elementor_header_footer","meta":{"footnotes":""},"acf":[],"_links":{"self":[{"href":"https:\/\/junglevr.io\/de\/wp-json\/wp\/v2\/pages\/9860"}],"collection":[{"href":"https:\/\/junglevr.io\/de\/wp-json\/wp\/v2\/pages"}],"about":[{"href":"https:\/\/junglevr.io\/de\/wp-json\/wp\/v2\/types\/page"}],"author":[{"embeddable":true,"href":"https:\/\/junglevr.io\/de\/wp-json\/wp\/v2\/users\/4"}],"replies":[{"embeddable":true,"href":"https:\/\/junglevr.io\/de\/wp-json\/wp\/v2\/comments?post=9860"}],"version-history":[{"count":6,"href":"https:\/\/junglevr.io\/de\/wp-json\/wp\/v2\/pages\/9860\/revisions"}],"predecessor-version":[{"id":10070,"href":"https:\/\/junglevr.io\/de\/wp-json\/wp\/v2\/pages\/9860\/revisions\/10070"}],"wp:attachment":[{"href":"https:\/\/junglevr.io\/de\/wp-json\/wp\/v2\/media?parent=9860"}],"curies":[{"name":"wp","href":"https:\/\/api.w.org\/{rel}","templated":true}]}}