{"id":9870,"date":"2021-04-20T18:02:22","date_gmt":"2021-04-20T16:02:22","guid":{"rendered":"https:\/\/junglevr.io\/metaverso-y-nft\/"},"modified":"2023-11-06T16:17:27","modified_gmt":"2023-11-06T15:17:27","slug":"metaverso-y-nft","status":"publish","type":"page","link":"https:\/\/junglevr.io\/es\/metaverso-y-nft\/","title":{"rendered":"Metaverso y NFT"},"content":{"rendered":"<h2>Consultores Metaverso<\/h2>\n<p>Durante los \u00faltimos 5 a\u00f1os, Jungle VR ha estado creando entornos inmersivos para sus clientes. Estos entornos, a veces aut\u00f3nomos, tambi\u00e9n pueden integrarse en Metaversos o en su futuro metaverso.<\/p>\n<p>Si quieres interiorizar un departamento de Metaverso, Jungle VR que opera como empresa de servicios de TI puede apoyarte estructur\u00e1ndolo colocando empleados de su equipo dentro de tu empresa: dise\u00f1adores gr\u00e1ficos 3D, VR, VR, AR, red, Metaverso, AI o desarrolladores de Blockchain).<br \/>Para m\u00e1s informaci\u00f3n, p\u00f3ngase en contacto con nosotros en <a href=\"_wp_link_placeholder\" data-wplink-edit=\"true\">hello@junglevr.io<\/a><\/p>\n<p><iframe loading=\"lazy\" title=\"Teaser Virtual Field Trip - Tellus by IFPEN and Jungle VR\" width=\"640\" height=\"360\" src=\"https:\/\/www.youtube.com\/embed\/QOPX0wvwUE0?feature=oembed\" frameborder=\"0\" allow=\"accelerometer; autoplay; clipboard-write; encrypted-media; gyroscope; picture-in-picture; web-share\" allowfullscreen><\/iframe><br \/>\n\t\t\t<iframe loading=\"lazy\" id=\"cd43c035-d7a2-4008-8419-afab3ff915af\" src=\"https:\/\/www.vectary.com\/viewer\/v1\/?model=cd43c035-d7a2-4008-8419-afab3ff915af&amp;env=damroad&amp;turntable=-2\" frameborder=\"0\" width=\"50%\" height=\"240\"><\/iframe>\t\t<\/p>\n<h2>Arte y NFT<\/h2>\n<p>Jungle Future\u00ae es un estudio tecnol\u00f3gico dedicado al arte digital y a la creaci\u00f3n de NFTs.<\/p>\n<p>Creamos sus NFT utilizando un contrato inteligente en la cadena de bloques de Ethereum y luego los distribuimos en las diversas plataformas asociadas.<\/p>\n<p>Nuestro equipo de dise\u00f1adores gr\u00e1ficos y desarrolladores (2D, 3D, VR, AR, AI, Blockchain, Crypto) est\u00e1 al servicio de las ideas creativas de artistas y marcas, especialmente de aquellos que no dominan las herramientas digitales y tecnol\u00f3gicas.<\/p>\n<p>Si diriges un museo o galer\u00eda de arte y planeas recrearlo en 3D o realidad virtual (VR), ve a la <a href=\"https:\/\/junglevr.io\/es\/bien-inmueble\/\">secci\u00f3n de Bienes Ra\u00edces<\/a>.<\/p>\n<p>\t\t\t\t\t\t\t\t\t\t\t\t\t\t\t\t<a href=\"https:\/\/junglevr.io\/es\/\"><br \/>\n\t\t\t\t\t\t\t<img decoding=\"async\" width=\"3430\" height=\"800\" src=\"https:\/\/junglevr.io\/wp-content\/uploads\/2021\/06\/Logo_JungleVR_4000x1000_2019-e1623830336106.png\" alt=\"Logo Jungle VR noir\" loading=\"lazy\" srcset=\"https:\/\/junglevr.io\/wp-content\/uploads\/2021\/06\/Logo_JungleVR_4000x1000_2019-e1623830336106.png 3430w, https:\/\/junglevr.io\/wp-content\/uploads\/2021\/06\/Logo_JungleVR_4000x1000_2019-e1623830336106-300x70.png 300w, https:\/\/junglevr.io\/wp-content\/uploads\/2021\/06\/Logo_JungleVR_4000x1000_2019-e1623830336106-1024x239.png 1024w, https:\/\/junglevr.io\/wp-content\/uploads\/2021\/06\/Logo_JungleVR_4000x1000_2019-e1623830336106-768x179.png 768w, https:\/\/junglevr.io\/wp-content\/uploads\/2021\/06\/Logo_JungleVR_4000x1000_2019-e1623830336106-1536x358.png 1536w, https:\/\/junglevr.io\/wp-content\/uploads\/2021\/06\/Logo_JungleVR_4000x1000_2019-e1623830336106-2048x478.png 2048w, https:\/\/junglevr.io\/wp-content\/uploads\/2021\/06\/Logo_JungleVR_4000x1000_2019-e1623830336106-1568x366.png 1568w\" sizes=\"(max-width: 34.9rem) calc(100vw - 2rem), (max-width: 53rem) calc(8 * (100vw \/ 12)), (min-width: 53rem) calc(6 * (100vw \/ 12)), 100vw\" \/>\t\t\t\t\t\t\t\t<\/a><\/p>\n<p>26 rue Rambuteau<br \/>75003 Par\u00eds<\/p>\n<p>Oficina: +33 6 60 37 10 57<br \/>Correo electr\u00f3nico: hello@junglevr.io<\/p>\n<h3>Hablemos de tu proyecto<\/h3>\n","protected":false},"excerpt":{"rendered":"<p>Consultores Metaverso Durante los \u00faltimos 5 a\u00f1os, Jungle VR ha estado creando entornos inmersivos para sus clientes. Estos entornos, a veces aut\u00f3nomos, tambi\u00e9n pueden integrarse en Metaversos o en su futuro metaverso. Si quieres interiorizar un departamento de Metaverso, Jungle VR que opera como empresa de servicios de TI puede apoyarte estructur\u00e1ndolo colocando empleados de &hellip; <\/p>\n<p class=\"link-more\"><a href=\"https:\/\/junglevr.io\/es\/metaverso-y-nft\/\" class=\"more-link\">Seguir leyendo<span class=\"screen-reader-text\"> \u00abMetaverso y NFT\u00bb<\/span><\/a><\/p>\n","protected":false},"author":4,"featured_media":0,"parent":0,"menu_order":0,"comment_status":"closed","ping_status":"closed","template":"elementor_header_footer","meta":{"footnotes":""},"acf":[],"_links":{"self":[{"href":"https:\/\/junglevr.io\/es\/wp-json\/wp\/v2\/pages\/9870"}],"collection":[{"href":"https:\/\/junglevr.io\/es\/wp-json\/wp\/v2\/pages"}],"about":[{"href":"https:\/\/junglevr.io\/es\/wp-json\/wp\/v2\/types\/page"}],"author":[{"embeddable":true,"href":"https:\/\/junglevr.io\/es\/wp-json\/wp\/v2\/users\/4"}],"replies":[{"embeddable":true,"href":"https:\/\/junglevr.io\/es\/wp-json\/wp\/v2\/comments?post=9870"}],"version-history":[{"count":6,"href":"https:\/\/junglevr.io\/es\/wp-json\/wp\/v2\/pages\/9870\/revisions"}],"predecessor-version":[{"id":10079,"href":"https:\/\/junglevr.io\/es\/wp-json\/wp\/v2\/pages\/9870\/revisions\/10079"}],"wp:attachment":[{"href":"https:\/\/junglevr.io\/es\/wp-json\/wp\/v2\/media?parent=9870"}],"curies":[{"name":"wp","href":"https:\/\/api.w.org\/{rel}","templated":true}]}}