{"id":9829,"date":"2021-04-30T14:17:26","date_gmt":"2021-04-30T12:17:26","guid":{"rendered":"https:\/\/junglevr.io\/beni-immobili\/"},"modified":"2023-10-24T22:27:42","modified_gmt":"2023-10-24T20:27:42","slug":"beni-immobili","status":"publish","type":"page","link":"https:\/\/junglevr.io\/it\/beni-immobili\/","title":{"rendered":"Beni immobili"},"content":{"rendered":"<style>\/*! elementor - v3.16.0 - 17-10-2023 *\/\n.elementor-heading-title{padding:0;margin:0;line-height:1}.elementor-widget-heading .elementor-heading-title[class*=elementor-size-]>a{color:inherit;font-size:inherit;line-height:inherit}.elementor-widget-heading .elementor-heading-title.elementor-size-small{font-size:15px}.elementor-widget-heading .elementor-heading-title.elementor-size-medium{font-size:19px}.elementor-widget-heading .elementor-heading-title.elementor-size-large{font-size:29px}.elementor-widget-heading .elementor-heading-title.elementor-size-xl{font-size:39px}.elementor-widget-heading .elementor-heading-title.elementor-size-xxl{font-size:59px}<\/style>\n<h2>Sviluppo Immobiliare<\/h2>\n<p>Se sei uno sviluppatore immobiliare, scopri cosa possono portare la realt\u00e0 virtuale (VR) e il 3D alla promozione dei tuoi progetti.<\/p>\n<p>Grazie a 3D, VR E AR, fai in modo che i tuoi clienti vogliano farlo dando vita ai tuoi futuri progetti immobiliari.<\/p>\n<p>Progettiamo i tuoi futuri progetti immobiliari in 3D fotorealistico incluso l&#8217;home staging: flagship store, ville e chalet di lusso, centri commerciali, sedi o fabbriche.<\/p>\n<p>Iniziamo con un foglio bianco o con i tuoi piani 2D\/3D.<\/p>\n<p>I vostri potenziali clienti potranno visitare l&#8217;immobile, pieno di vita, come se fosse abitato grazie alla realt\u00e0 virtuale e ad un bellissimo home staging virtuale.<\/p>\n<p>\t\t\t<a href=\"https:\/\/www.immerskills.com\/\" target=\"_blank\" rel=\"noopener\"><br \/>\n\t\t\t\t\t\tUlteriori informazioni<br \/>\n\t\t\t\t\t<\/a><\/p>\n<style>\/*! elementor - v3.16.0 - 17-10-2023 *\/\n.elementor-widget-image{text-align:center}.elementor-widget-image a{display:inline-block}.elementor-widget-image a img[src$=\".svg\"]{width:48px}.elementor-widget-image img{vertical-align:middle;display:inline-block}<\/style>\n<p>\t\t\t\t\t\t\t\t\t\t\t\t<img decoding=\"async\" width=\"1190\" height=\"666\" src=\"https:\/\/junglevr.io\/wp-content\/uploads\/2021\/05\/Promotion-immobiliere-3D.png\" alt=\"Promotion immobili\u00e8re 3D\" loading=\"lazy\" srcset=\"https:\/\/junglevr.io\/wp-content\/uploads\/2021\/05\/Promotion-immobiliere-3D.png 1190w, https:\/\/junglevr.io\/wp-content\/uploads\/2021\/05\/Promotion-immobiliere-3D-300x168.png 300w, https:\/\/junglevr.io\/wp-content\/uploads\/2021\/05\/Promotion-immobiliere-3D-1024x573.png 1024w, https:\/\/junglevr.io\/wp-content\/uploads\/2021\/05\/Promotion-immobiliere-3D-768x430.png 768w\" sizes=\"(max-width: 34.9rem) calc(100vw - 2rem), (max-width: 53rem) calc(8 * (100vw \/ 12)), (min-width: 53rem) calc(6 * (100vw \/ 12)), 100vw\" \/>\t\t\t\t\t\t\t\t\t\t\t\t\t\t\t<\/p>\n<h2>Museo &amp; Mostre<\/h2>\n<p>I nostri team sono specializzati in riproduzioni altamente realistiche di musei e mostre in 3D o realt\u00e0 virtuale. \u00c8 anche possibile creare esperienze intorno alle opere d&#8217;arte attraverso la realt\u00e0 aumentata.<\/p>\n<p>Per la creazione di NFT, vai alla sezione <a href=\"https:\/\/junglevr.io\/art-nft\/\">Art &amp; NFT<\/a>.<\/p>\n<p>\t\t\t<a href=\"https:\/\/www.immerskills.com\/\" target=\"_blank\" rel=\"noopener\"><br \/>\n\t\t\t\t\t\tUlteriori informazioni<br \/>\n\t\t\t\t\t<\/a><\/p>\n","protected":false},"excerpt":{"rendered":"<p>Sviluppo Immobiliare Se sei uno sviluppatore immobiliare, scopri cosa possono portare la realt\u00e0 virtuale (VR) e il 3D alla promozione dei tuoi progetti. Grazie a 3D, VR E AR, fai in modo che i tuoi clienti vogliano farlo dando vita ai tuoi futuri progetti immobiliari. Progettiamo i tuoi futuri progetti immobiliari in 3D fotorealistico incluso &hellip; <\/p>\n<p class=\"link-more\"><a href=\"https:\/\/junglevr.io\/it\/beni-immobili\/\" class=\"more-link\">Leggi tutto<span class=\"screen-reader-text\"> &#8220;Beni immobili&#8221;<\/span><\/a><\/p>\n","protected":false},"author":4,"featured_media":0,"parent":0,"menu_order":0,"comment_status":"closed","ping_status":"closed","template":"elementor_header_footer","meta":{"footnotes":""},"acf":[],"_links":{"self":[{"href":"https:\/\/junglevr.io\/it\/wp-json\/wp\/v2\/pages\/9829"}],"collection":[{"href":"https:\/\/junglevr.io\/it\/wp-json\/wp\/v2\/pages"}],"about":[{"href":"https:\/\/junglevr.io\/it\/wp-json\/wp\/v2\/types\/page"}],"author":[{"embeddable":true,"href":"https:\/\/junglevr.io\/it\/wp-json\/wp\/v2\/users\/4"}],"replies":[{"embeddable":true,"href":"https:\/\/junglevr.io\/it\/wp-json\/wp\/v2\/comments?post=9829"}],"version-history":[{"count":1,"href":"https:\/\/junglevr.io\/it\/wp-json\/wp\/v2\/pages\/9829\/revisions"}],"predecessor-version":[{"id":9830,"href":"https:\/\/junglevr.io\/it\/wp-json\/wp\/v2\/pages\/9829\/revisions\/9830"}],"wp:attachment":[{"href":"https:\/\/junglevr.io\/it\/wp-json\/wp\/v2\/media?parent=9829"}],"curies":[{"name":"wp","href":"https:\/\/api.w.org\/{rel}","templated":true}]}}