{"id":9866,"date":"2021-04-20T18:02:22","date_gmt":"2021-04-20T16:02:22","guid":{"rendered":"https:\/\/junglevr.io\/metaverso-nfts\/"},"modified":"2023-11-06T16:17:12","modified_gmt":"2023-11-06T15:17:12","slug":"metaverso-nfts","status":"publish","type":"page","link":"https:\/\/junglevr.io\/pt-pt\/metaverso-nfts\/","title":{"rendered":"Metaverso &amp; NFTs"},"content":{"rendered":"<h2>Consultores Metaverso<\/h2>\n<p>Nos \u00faltimos 5 anos, a Jungle VR tem criado ambientes imersivos para seus clientes. Esses ambientes, \u00e0s vezes aut\u00f4nomos, tamb\u00e9m podem ser integrados ao Metaverso ou ao seu metaverso futuro.<\/p>\n<p>Se voc\u00ea quiser internalizar um departamento do Metaverso, a Jungle VR operando como uma empresa de servi\u00e7os de TI pode apoi\u00e1-lo estruturando-o, colocando funcion\u00e1rios de sua equipe dentro da sua empresa: designers gr\u00e1ficos 3D, VR, VR, AR, rede, Metaverso, IA ou desenvolvedores de Blockchain).<br \/>Para mais informa\u00e7\u00f5es, <a href=\"_wp_link_placeholder\" data-wplink-edit=\"true\">contacte-nos em hello@junglevr.io<\/a><\/p>\n<p><iframe loading=\"lazy\" title=\"Teaser Virtual Field Trip - Tellus by IFPEN and Jungle VR\" width=\"640\" height=\"360\" src=\"https:\/\/www.youtube.com\/embed\/QOPX0wvwUE0?feature=oembed\" frameborder=\"0\" allow=\"accelerometer; autoplay; clipboard-write; encrypted-media; gyroscope; picture-in-picture; web-share\" allowfullscreen><\/iframe><br \/>\n\t\t\t<iframe loading=\"lazy\" id=\"cd43c035-d7a2-4008-8419-afab3ff915af\" src=\"https:\/\/www.vectary.com\/viewer\/v1\/?model=cd43c035-d7a2-4008-8419-afab3ff915af&amp;env=damroad&amp;turntable=-2\" frameborder=\"0\" width=\"50%\" height=\"240\"><\/iframe>\t\t<\/p>\n<h2>Arte &amp; NFTs<\/h2>\n<p>Jungle Future\u00ae \u00e9 um est\u00fadio de tecnologia dedicado \u00e0 arte digital e \u00e0 cria\u00e7\u00e3o de NFTs.<\/p>\n<p>Criamos seus NFTs usando um contrato inteligente no Ethereum Blockchain, depois os distribu\u00edmos nas v\u00e1rias plataformas parceiras.<\/p>\n<p>A nossa equipa de designers gr\u00e1ficos e programadores (2D, 3D, VR, AR, AI, Blockchain, Crypto) est\u00e1 ao servi\u00e7o das ideias criativas de artistas e marcas, especialmente daqueles que n\u00e3o dominam ferramentas digitais e tecnol\u00f3gicas.<\/p>\n<p>Se voc\u00ea administra um museu ou galeria de arte e planeja recri\u00e1-lo em 3D ou realidade virtual (VR), v\u00e1 para a <a href=\"https:\/\/junglevr.io\/pt-pt\/imobiliario\/\">se\u00e7\u00e3o Imobili\u00e1rio<\/a>.<\/p>\n<p>\t\t\t\t\t\t\t\t\t\t\t\t\t\t\t\t<a href=\"https:\/\/junglevr.io\/pt-pt\/\"><br \/>\n\t\t\t\t\t\t\t<img decoding=\"async\" width=\"3430\" height=\"800\" src=\"https:\/\/junglevr.io\/wp-content\/uploads\/2021\/06\/Logo_JungleVR_4000x1000_2019-e1623830336106.png\" alt=\"Logo Jungle VR noir\" loading=\"lazy\" srcset=\"https:\/\/junglevr.io\/wp-content\/uploads\/2021\/06\/Logo_JungleVR_4000x1000_2019-e1623830336106.png 3430w, https:\/\/junglevr.io\/wp-content\/uploads\/2021\/06\/Logo_JungleVR_4000x1000_2019-e1623830336106-300x70.png 300w, https:\/\/junglevr.io\/wp-content\/uploads\/2021\/06\/Logo_JungleVR_4000x1000_2019-e1623830336106-1024x239.png 1024w, https:\/\/junglevr.io\/wp-content\/uploads\/2021\/06\/Logo_JungleVR_4000x1000_2019-e1623830336106-768x179.png 768w, https:\/\/junglevr.io\/wp-content\/uploads\/2021\/06\/Logo_JungleVR_4000x1000_2019-e1623830336106-1536x358.png 1536w, https:\/\/junglevr.io\/wp-content\/uploads\/2021\/06\/Logo_JungleVR_4000x1000_2019-e1623830336106-2048x478.png 2048w, https:\/\/junglevr.io\/wp-content\/uploads\/2021\/06\/Logo_JungleVR_4000x1000_2019-e1623830336106-1568x366.png 1568w\" sizes=\"(max-width: 34.9rem) calc(100vw - 2rem), (max-width: 53rem) calc(8 * (100vw \/ 12)), (min-width: 53rem) calc(6 * (100vw \/ 12)), 100vw\" \/>\t\t\t\t\t\t\t\t<\/a><\/p>\n<p>Rue Rambuteau, 26<br \/>75003 Paris<\/p>\n<p>Escrit\u00f3rio: +33 6 60 37 10 57<br \/>Correio eletr\u00f3nico: hello@junglevr.io<\/p>\n<h3>Vamos discutir o seu projeto<\/h3>\n","protected":false},"excerpt":{"rendered":"<p>Consultores Metaverso Nos \u00faltimos 5 anos, a Jungle VR tem criado ambientes imersivos para seus clientes. Esses ambientes, \u00e0s vezes aut\u00f4nomos, tamb\u00e9m podem ser integrados ao Metaverso ou ao seu metaverso futuro. Se voc\u00ea quiser internalizar um departamento do Metaverso, a Jungle VR operando como uma empresa de servi\u00e7os de TI pode apoi\u00e1-lo estruturando-o, colocando &hellip; <\/p>\n<p class=\"link-more\"><a href=\"https:\/\/junglevr.io\/pt-pt\/metaverso-nfts\/\" class=\"more-link\">Continuar a ler <span class=\"screen-reader-text\">&#8220;Metaverso &amp; NFTs&#8221;<\/span><\/a><\/p>\n","protected":false},"author":4,"featured_media":0,"parent":0,"menu_order":0,"comment_status":"closed","ping_status":"closed","template":"elementor_header_footer","meta":{"footnotes":""},"acf":[],"_links":{"self":[{"href":"https:\/\/junglevr.io\/pt-pt\/wp-json\/wp\/v2\/pages\/9866"}],"collection":[{"href":"https:\/\/junglevr.io\/pt-pt\/wp-json\/wp\/v2\/pages"}],"about":[{"href":"https:\/\/junglevr.io\/pt-pt\/wp-json\/wp\/v2\/types\/page"}],"author":[{"embeddable":true,"href":"https:\/\/junglevr.io\/pt-pt\/wp-json\/wp\/v2\/users\/4"}],"replies":[{"embeddable":true,"href":"https:\/\/junglevr.io\/pt-pt\/wp-json\/wp\/v2\/comments?post=9866"}],"version-history":[{"count":6,"href":"https:\/\/junglevr.io\/pt-pt\/wp-json\/wp\/v2\/pages\/9866\/revisions"}],"predecessor-version":[{"id":10076,"href":"https:\/\/junglevr.io\/pt-pt\/wp-json\/wp\/v2\/pages\/9866\/revisions\/10076"}],"wp:attachment":[{"href":"https:\/\/junglevr.io\/pt-pt\/wp-json\/wp\/v2\/media?parent=9866"}],"curies":[{"name":"wp","href":"https:\/\/api.w.org\/{rel}","templated":true}]}}